{"id":10107,"date":"2023-05-05T02:54:25","date_gmt":"2023-05-05T02:54:25","guid":{"rendered":"https:\/\/nihonkaiwk.com\/?post_type=product&#038;p=10107"},"modified":"2025-01-09T06:51:35","modified_gmt":"2025-01-09T06:51:35","slug":"%e6%9c%a8%e7%94%a8%e3%83%81%e3%83%83%e3%83%97%e3%82%bd%e3%83%bc","status":"publish","type":"product","link":"https:\/\/nihonkaiwk.com\/ar\/product\/%e6%9c%a8%e7%94%a8%e3%83%81%e3%83%83%e3%83%97%e3%82%bd%e3%83%bc\/","title":{"rendered":"\u0645\u0646\u0627\u0634\u064a\u0631 \u0627\u0644\u0628\u064f\u0631\u0627\u062f\u0629 \u0644\u0644\u062e\u0634\u0628"},"content":{"rendered":"<p>\u0645\u0646\u0627\u0634\u064a\u0631 \u0634\u0631\u0627\u0626\u062d \u0627\u0644\u062e\u0634\u0628 TCT - \u0645\u0646\u0627\u0634\u064a\u0631 \u0634\u0631\u0627\u0626\u062d \u0627\u0644\u062e\u0634\u0628<\/p>\n<p>\u0648\u0647\u0648 \u0645\u062b\u0627\u0644\u064a \u0644\u0642\u0637\u0639 \u0627\u0644\u0623\u062e\u0634\u0627\u0628 \u0648\u0627\u0644\u0642\u0648\u0627\u0631\u0628 \u0648\u0645\u0627 \u0625\u0644\u0649 \u0630\u0644\u0643. \u064a\u0645\u0643\u0646 \u0644\u0645\u0646\u0634\u0627\u0631 \u0627\u0644\u0628\u064f\u0631\u0627\u062f\u0629 \u0627\u0644\u0648\u0627\u062d\u062f \u0623\u0646 \u064a\u0642\u0637\u0639 \u0628\u0633\u0647\u0648\u0644\u0629 \u0645\u062c\u0645\u0648\u0639\u0629 \u0645\u062a\u0646\u0648\u0639\u0629 \u0645\u0646 \u0627\u0644\u0645\u0648\u0627\u062f. 6 \u0628\u0648\u0635\u0629 \u0648\u0627\u0644\u0623\u062d\u062c\u0627\u0645 \u0627\u0644\u0623\u0643\u0628\u0631 \u0645\u0632\u0648\u062f\u0629 \u0628\u062f\u0628\u0627\u0628\u064a\u0633 \u0646\u062d\u0627\u0633\u064a\u0629 \u0644\u062a\u0628\u062f\u064a\u062f \u0627\u0644\u062d\u0631\u0627\u0631\u0629.<\/p>\n<p>\u0627\u0644\u062d\u062c\u0645 :.<br \/>\n110 \u0645\u0645 (4.5 \u0628\u0648\u0635\u0629 (4.5 \u0628\u0648\u0635\u0629) \u00d7 1.2 \u00d7 2.0 \u00d7 30P \u00d7 20 \u0645\u0645<br \/>\n110 \u0645\u0645 (4.5 \u0628\u0648\u0635\u0629) \u00d7 1.2 \u00d7 2.0 \u00d7 40P \u00d7 20 \u0645\u0645<\/p>\n<p>150 \u0645\u0645 (6 \u0628\u0648\u0635\u0629) \u00d7 1.2 \u00d7 2.0 \u00d7 40P \u00d7 20 \u0645\u0645<br \/>\n150 \u0645\u0645 (6 \u0628\u0648\u0635\u0629) \u00d7 1.2 \u00d7 2.0 \u00d7 60P \u00d7 20 \u0645\u0645<\/p>\n<p>185 \u0645\u0645 (7 \u0628\u0648\u0635\u0629 (7 \u0628\u0648\u0635\u0629) \u00d7 1.8 \u00d7 2.6 \u00d7 40P \u00d7 20 \u0645\u0645<br \/>\n185 \u0645\u0645 (7 \u0628\u0648\u0635\u0629 (7 \u0628\u0648\u0635\u0629) \u00d7 1.8 \u00d7 2.6 \u00d7 60P \u00d7 25.4 \u0645\u0645<\/p>\n<p>205 \u0645\u0645 (8 \u0628\u0648\u0635\u0629) \u00d7 1.6 \u00d7 2.4 \u00d7 40P \u00d7 25.4 \u0645\u0645<br \/>\n210 \u0645\u0645 (8 \u0628\u0648\u0635\u0629 (8 \u0628\u0648\u0635\u0629) \u00d7 1.6 \u00d7 2.4 \u00d7 60P \u00d7 25.4 \u0645\u0645<\/p>\n<p>235 \u0645\u0645 (9 \u0628\u0648\u0635\u0629) \u00d7 1.8 \u00d7 2.6 \u00d7 40P \u00d7 25.4 \u0645\u0645<br \/>\n235 \u0645\u0645 (9 \u0628\u0648\u0635\u0629) \u00d7 1.8 \u00d7 2.6 \u00d7 60P \u00d7 25.4 \u0645\u0645<\/p>\n<p>255 \u0645\u0645 (10 \u0628\u0648\u0635\u0629) \u00d7 1.8 \u00d7 2.6 \u00d7 40P \u00d7 25.4 \u0645\u0645<br \/>\n255 \u0645\u0645 (10 \u0628\u0648\u0635\u0629) \u00d7 1.8 \u00d7 2.6 \u00d7 60P \u00d7 25.4 \u0645\u0645<\/p>\n<p>305 \u0645\u0645 (12 \u0628\u0648\u0635\u0629) \u00d7 2.2 \u00d7 3.2 \u00d7 3.2 \u00d7 40P \u00d7 25.4\/30 \u0645\u0645<br \/>\n305 \u0645\u0645 (12 \u0628\u0648\u0635\u0629) \u00d7 2.2 \u00d7 3.2 \u00d7 3.2 \u00d7 60P \u00d7 25.4\/30 \u0645\u0645<\/p>\n<p>355 \u0645\u0645 (14 \u0628\u0648\u0635\u0629) \u00d7 2.2 \u00d7 3.2 \u00d7 40P \u00d7 30 \u0645\u0645<br \/>\n355 \u0645\u0645 (14 \u0628\u0648\u0635\u0629) \u00d7 2.2 \u00d7 3.2 \u00d7 3.2 \u00d7 60P \u00d7 30 \u0645\u0645<\/p>\n<p><strong>** \u064a\u0645\u0643\u0646\u0646\u0627 \u0627\u0644\u062a\u0635\u0646\u064a\u0639 \u062d\u0633\u0628 \u0645\u0648\u0627\u0635\u0641\u0627\u062a\u0643.<\/strong><\/p>\n<p>&nbsp;<\/p>","protected":false},"excerpt":{"rendered":"<p>\u0627\u0644\u0627\u0633\u062a\u062e\u062f\u0627\u0645: \u0645\u0646\u0627\u0633\u0628 \u0644\u0644\u0642\u0637\u0639 \u0627\u0644\u0639\u0627\u0645 \u0644\u0645\u062c\u0645\u0648\u0639\u0629 \u0645\u062a\u0646\u0648\u0639\u0629 \u0645\u0646 \u0627\u0644\u0623\u062e\u0634\u0627\u0628.<\/p>\n<p>- \u062a\u062a\u0645\u064a\u0632 \u0627\u0644\u0645\u0633\u0627\u0645\u064a\u0631 \u0627\u0644\u0646\u062d\u0627\u0633\u064a\u0629 \u0627\u0644\u0645\u0636\u0645\u0646\u0629 \u0628\u062a\u0623\u062b\u064a\u0631 \u0645\u0645\u062a\u0627\u0632 \u0641\u064a \u062a\u0628\u062f\u064a\u062f \u0627\u0644\u062d\u0631\u0627\u0631\u0629.<\/p>\n<p>- \u0634\u0631\u0627\u0626\u062d \u0639\u0627\u0644\u064a\u0629 \u0627\u0644\u062c\u0648\u062f\u0629 \u0644\u062a\u0642\u0637\u064a\u0639 \u0645\u062c\u0645\u0648\u0639\u0629 \u0645\u062a\u0646\u0648\u0639\u0629 \u0645\u0646 \u0627\u0644\u0623\u062e\u0634\u0627\u0628 \u0628\u0633\u0647\u0648\u0644\u0629<\/p>\n<p>\u0627\u0644\u062d\u062c\u0645.\u00a0\u00a0<br \/>\n110 \u0645\u0645 (4.5 \u2033) \u00d7 2.0 \u00d7 30T 110 \u0645\u0645 (4.5\u2033)<br \/>\n110 \u0645\u0645 (4.5\u2033) \u00d7 2.0 \u00d7 40T 110 \u0645\u0645 (4.5\u2033)<br \/>\n150 \u0645\u0645 (6\u2033) \u00d7 2.0 \u00d7 40T 150 \u0645\u0645 (6\u2033) \u00d7 2.0 \u00d7 40T<br \/>\n150 \u0645\u0645 (6\u2033) \u00d7 2.0 \u00d7 60T 150 \u0645\u0645 (6\u2033) \u00d7 2.0 \u00d7 60T<br \/>\n185 \u0645\u0645 (7 \u00d7 2.6 \u00d7 40T) \u00d7 2.6 \u00d7 40T<br \/>\n185 \u0645\u0645 (7 \u0628\u0648\u0635\u0629 (7 \u0628\u0648\u0635\u0629) \u00d7 2.6 \u00d7 60T<br \/>\n205 \u0645\u0645 (8\u2033) \u00d7 2.4 \u00d7 40T 205 \u0645\u0645 (8\u2033)<br \/>\n210 \u0645\u0645 (8 \u0628\u0648\u0635\u0629 (8 \u0628\u0648\u0635\u0629) \u00d7 2.4 \u00d7 60T<br \/>\n235 \u0645\u0645 (9 \u00d7 2.6 \u00d7 40T) \u00d7 2.6 \u00d7 40T<br \/>\n235 \u0645\u0645 (9 \u00d7 2.6 \u00d7 60T) \u00d7 2.6 \u00d7 2.6 \u0645\u0645 (9\u2033)<br \/>\n255 \u0645\u0645 (10 \u0628\u0648\u0635\u0629 \u00d7 2.6 \u00d7 40T) \u00d7 2.6 \u00d7 40T<br \/>\n255 \u0645\u0645 (10 \u0628\u0648\u0635\u0629 \u00d7 2.6 \u00d7 60T) \u00d7 2.6 \u00d7 60T<br \/>\n305 \u0645\u0645 (12 \u00d7 3.2 \u00d7 40T) 305 \u0645\u0645 (12 \u0628\u0648\u0635\u0629)<br \/>\n305 \u0645\u0645 (12 \u00d7 3.2 \u00d7 60T) 305 \u0645\u0645 (12 \u0628\u0648\u0635\u0629)<br \/>\n355 \u0645\u0645 (14 \u0628\u0648\u0635\u0629) \u00d7 3.2 \u00d7 40T 355 \u0645\u0645 (14 \u0628\u0648\u0635\u0629) \u00d7 3.2 \u00d7 40T<br \/>\n355 \u0645\u0645 (14 \u0628\u0648\u0635\u0629) \u00d7 3.2 \u00d7 60T 355 \u0645\u0645 (14 \u0628\u0648\u0635\u0629)<br \/>\n\u0645\u0642\u0627\u0633 \u0645\u062e\u0635\u0635<\/p>","protected":false},"featured_media":9948,"template":"","meta":[],"product_brand":[],"product_cat":[733,735],"product_tag":[],"class_list":{"0":"post-10107","1":"product","2":"type-product","3":"status-publish","4":"has-post-thumbnail","6":"product_cat-733","7":"product_cat-tct-","9":"first","10":"instock","11":"shipping-taxable","12":"purchasable","13":"product-type-variable"},"_links":{"self":[{"href":"https:\/\/nihonkaiwk.com\/ar\/wp-json\/wp\/v2\/product\/10107","targetHints":{"allow":["GET"]}}],"collection":[{"href":"https:\/\/nihonkaiwk.com\/ar\/wp-json\/wp\/v2\/product"}],"about":[{"href":"https:\/\/nihonkaiwk.com\/ar\/wp-json\/wp\/v2\/types\/product"}],"wp:featuredmedia":[{"embeddable":true,"href":"https:\/\/nihonkaiwk.com\/ar\/wp-json\/wp\/v2\/media\/9948"}],"wp:attachment":[{"href":"https:\/\/nihonkaiwk.com\/ar\/wp-json\/wp\/v2\/media?parent=10107"}],"wp:term":[{"taxonomy":"product_brand","embeddable":true,"href":"https:\/\/nihonkaiwk.com\/ar\/wp-json\/wp\/v2\/product_brand?post=10107"},{"taxonomy":"product_cat","embeddable":true,"href":"https:\/\/nihonkaiwk.com\/ar\/wp-json\/wp\/v2\/product_cat?post=10107"},{"taxonomy":"product_tag","embeddable":true,"href":"https:\/\/nihonkaiwk.com\/ar\/wp-json\/wp\/v2\/product_tag?post=10107"}],"curies":[{"name":"wp","href":"https:\/\/api.w.org\/{rel}","templated":true}]}}