{"id":10144,"date":"2023-05-05T04:44:05","date_gmt":"2023-05-05T04:44:05","guid":{"rendered":"https:\/\/nihonkaiwk.com\/?post_type=product&#038;p=10144"},"modified":"2025-01-09T06:51:14","modified_gmt":"2025-01-09T06:51:14","slug":"%e3%82%a2%e3%83%ab%e3%83%9f%e3%83%8b%e3%82%a6%e3%83%a0%e7%94%a8-%e3%83%81%e3%83%83%e3%83%97%e3%82%bd%e3%83%bc","status":"publish","type":"product","link":"https:\/\/nihonkaiwk.com\/ar\/product\/%e3%82%a2%e3%83%ab%e3%83%9f%e3%83%8b%e3%82%a6%e3%83%a0%e7%94%a8-%e3%83%81%e3%83%83%e3%83%97%e3%82%bd%e3%83%bc\/","title":{"rendered":"\u0645\u0646\u0627\u0634\u064a\u0631 \u0627\u0644\u0628\u064f\u0631\u0627\u062f\u0629 \u0644\u0644\u0623\u0644\u0648\u0645\u0646\u064a\u0648\u0645"},"content":{"rendered":"<p>\u0645\u0646\u0627\u0634\u064a\u0631 \u0627\u0644\u0623\u0637\u0631\u0627\u0641 TCT - \u0645\u0646\u0627\u0634\u064a\u0631 \u0627\u0644\u0623\u0637\u0631\u0627\u0641 \u0644\u0644\u0623\u0644\u0648\u0645\u0646\u064a\u0648\u0645<\/p>\n<p>\u0628\u0641\u0636\u0644 \u0627\u0644\u062e\u0628\u0631\u0629 \u0648\u0627\u0644\u062a\u0642\u0646\u064a\u0629 \u0627\u0644\u0645\u062a\u0631\u0627\u0643\u0645\u0629 \u0639\u0644\u0649 \u0645\u062f\u0627\u0631 \u062a\u0627\u0631\u064a\u062e \u0637\u0648\u064a\u0644\u060c \u062a\u0648\u0641\u0631 \u0627\u0644\u0634\u0631\u0643\u0629 \u0645\u0646\u0627\u0634\u064a\u0631 \u0627\u0644\u0628\u064f\u0631\u0627\u062f\u0629 \u0627\u0644\u0645\u0635\u0645\u0645\u0629 \u0628\u0634\u0643\u0644 \u0645\u0646\u0627\u0633\u0628 \u0644\u0644\u0623\u0644\u0648\u0645\u0646\u064a\u0648\u0645 \u0648\u0627\u0644\u0623\u0646\u0627\u0628\u064a\u0628 \u0627\u0644\u0646\u062d\u0627\u0633\u064a\u0629 \u0648\u0645\u062e\u062a\u0644\u0641 \u0627\u0644\u0645\u0639\u0627\u062f\u0646 \u063a\u064a\u0631 \u0627\u0644\u062d\u062f\u064a\u062f\u064a\u0629.<\/p>\n<p>\u0627\u0644\u062d\u062c\u0645 :.<br \/>\n210 \u0645\u0645 (8 \u00d7 8 \u0628\u0648\u0635\u0629) \u00d7 1.6 \u00d7 2.4 \u00d7 100P \u00d7 25.4 \u0645\u0645<\/p>\n<p>235 \u0645\u0645 (9 \u0628\u0648\u0635\u0629) \u00d7 1.8 \u00d7 2.6 \u00d7 100P \u00d7 25.4 \u0645\u0645<\/p>\n<p>255 \u0645\u0645 (10 \u0628\u0648\u0635\u0629) \u00d7 1.8 \u00d7 3.0 \u00d7 100P \u00d7 25.4 \u0645\u0645<br \/>\n255 \u0645\u0645 (10 \u0628\u0648\u0635\u0629) \u00d7 1.8 \u00d7 3.0 \u00d7 120P \u00d7 25.4 \u0645\u0645<\/p>\n<p>305 \u0645\u0645 (12 \u0628\u0648\u0635\u0629) \u00d7 2.2 \u00d7 3.2 \u00d7 3.2 \u00d7 100P \u00d7 25.4\/30 \u0645\u0645<br \/>\n305 \u0645\u0645 (12 \u0628\u0648\u0635\u0629) \u00d7 2.2 \u00d7 3.2 \u00d7 3.2 \u00d7 120P \u00d7 25.4\/30 \u0645\u0645<\/p>\n<p>355 \u0645\u0645 (14 \u0628\u0648\u0635\u0629) \u00d7 2.2 \u00d7 3.2 \u00d7 3.2 \u00d7 100P \u00d7 30 \u0645\u0645<br \/>\n355 \u0645\u0645 (14 \u0628\u0648\u0635\u0629) \u00d7 2.2 \u00d7 3.2 \u00d7 120P \u00d7 30 \u0645\u0645<\/p>\n<p><strong>** \u064a\u0645\u0643\u0646\u0646\u0627 \u0627\u0644\u0625\u0646\u062a\u0627\u062c \u062d\u0633\u0628 \u0645\u0648\u0627\u0635\u0641\u0627\u062a\u0643.<\/strong><\/p>","protected":false},"excerpt":{"rendered":"<p>\u0627\u0644\u062a\u0637\u0628\u064a\u0642: \u0642\u0637\u0639 \u0627\u0644\u0623\u0644\u0648\u0645\u0646\u064a\u0648\u0645 \u0648\u0627\u0644\u0644\u0627\u0641\u0644\u0632\u0627\u062a \u063a\u064a\u0631 \u0627\u0644\u0645\u0639\u062f\u0646\u064a\u0629<\/p>\n<p>\u0627\u0644\u062d\u062c\u0645.\u00a0\u00a0<br \/>\n210 \u0645\u0645 (8 \u2033) \u00d7 2.4 \u00d7 2.4 \u00d7 100 \u0637\u0646 \u0645\u062a\u0631\u064a<br \/>\n235 \u0645\u0645 (9 \u0628\u0648\u0635\u0629 (9 \u0628\u0648\u0635\u0629) \u00d7 2.6 \u00d7 100 \u0637\u0646<br \/>\n255 \u0645\u0645 (10 \u0628\u0648\u0635\u0629) \u00d7 3.0 \u00d7 100 \u0637\u0646 \u0645\u062a\u0631\u064a<br \/>\n255 \u0645\u0645 (10 \u00d7 3.0 \u00d7 120T) \u00d7 3.0 \u00d7 3.0 \u0645\u0645 (10\u2033)<br \/>\n305 \u0645\u0645 (12 \u0628\u0648\u0635\u0629) \u00d7 3.2 \u00d7 100 \u0637\u0646 \u0645\u062a\u0631\u064a<br \/>\n305 \u0645\u0645 (12 \u0628\u0648\u0635\u0629) \u00d7 3.2 \u00d7 3.2 \u00d7 120T<br \/>\n355 \u0645\u0645 (14 \u0628\u0648\u0635\u0629) \u00d7 3.2 \u00d7 100 \u0637\u0646 \u0645\u062a\u0631\u064a<br \/>\n355 \u0645\u0645 (14 \u0628\u0648\u0635\u0629) \u00d7 3.2 \u00d7 3.2 \u00d7 120T<br \/>\n\u0645\u0642\u0627\u0633 \u0645\u062e\u0635\u0635<\/p>","protected":false},"featured_media":9954,"template":"","meta":[],"product_brand":[],"product_cat":[733,735],"product_tag":[],"class_list":{"0":"post-10144","1":"product","2":"type-product","3":"status-publish","4":"has-post-thumbnail","6":"product_cat-733","7":"product_cat-tct-","9":"first","10":"instock","11":"shipping-taxable","12":"purchasable","13":"product-type-variable"},"_links":{"self":[{"href":"https:\/\/nihonkaiwk.com\/ar\/wp-json\/wp\/v2\/product\/10144","targetHints":{"allow":["GET"]}}],"collection":[{"href":"https:\/\/nihonkaiwk.com\/ar\/wp-json\/wp\/v2\/product"}],"about":[{"href":"https:\/\/nihonkaiwk.com\/ar\/wp-json\/wp\/v2\/types\/product"}],"wp:featuredmedia":[{"embeddable":true,"href":"https:\/\/nihonkaiwk.com\/ar\/wp-json\/wp\/v2\/media\/9954"}],"wp:attachment":[{"href":"https:\/\/nihonkaiwk.com\/ar\/wp-json\/wp\/v2\/media?parent=10144"}],"wp:term":[{"taxonomy":"product_brand","embeddable":true,"href":"https:\/\/nihonkaiwk.com\/ar\/wp-json\/wp\/v2\/product_brand?post=10144"},{"taxonomy":"product_cat","embeddable":true,"href":"https:\/\/nihonkaiwk.com\/ar\/wp-json\/wp\/v2\/product_cat?post=10144"},{"taxonomy":"product_tag","embeddable":true,"href":"https:\/\/nihonkaiwk.com\/ar\/wp-json\/wp\/v2\/product_tag?post=10144"}],"curies":[{"name":"wp","href":"https:\/\/api.w.org\/{rel}","templated":true}]}}