{"id":10194,"date":"2024-05-07T04:26:33","date_gmt":"2024-05-07T04:26:33","guid":{"rendered":"https:\/\/nihonkaiwk.com\/?post_type=product&#038;p=10194"},"modified":"2025-11-03T07:47:07","modified_gmt":"2025-11-03T07:47:07","slug":"%e4%b8%80%e4%b8%96%e9%a2%a8%e9%9d%a1%e3%82%b7%e3%83%aa%e3%83%bc%e3%82%ba%e5%a4%9a%e7%94%a8%e9%80%94%e3%82%ab%e3%83%83%e3%82%bf%e3%83%bc","status":"publish","type":"product","link":"https:\/\/nihonkaiwk.com\/ar\/product\/%e4%b8%80%e4%b8%96%e9%a2%a8%e9%9d%a1%e3%82%b7%e3%83%aa%e3%83%bc%e3%82%ba%e5%a4%9a%e7%94%a8%e9%80%94%e3%82%ab%e3%83%83%e3%82%bf%e3%83%bc\/","title":{"rendered":"\u0642\u0648\u0627\u0637\u0639 \u0633\u0644\u0633\u0644\u0629 Issei \u0645\u062a\u0639\u062f\u062f\u0629 \u0627\u0644\u0623\u063a\u0631\u0627\u0636"},"content":{"rendered":"<p>\u0642\u0648\u0627\u0637\u0639 \u0633\u0644\u0633\u0644\u0629 Issei \u0645\u062a\u0639\u062f\u062f\u0629 \u0627\u0644\u0623\u063a\u0631\u0627\u0636<\/p>\n<p>\u0627\u0644\u0627\u0633\u062a\u062e\u062f\u0627\u0645\u0627\u062a:.<br \/>\n\u0637\u0644\u0627\u0621 \u062e\u0627\u0635 \u0628\u0627\u0644\u0641\u0644\u0648\u0631 \u0648\u0645\u0642\u0627\u0648\u0645\u0629 \u0627\u062d\u062a\u0643\u0627\u0643 \u0645\u0646\u062e\u0641\u0636\u0629\u060c \u0644\u0642\u0637\u0639 \u0633\u0644\u0633 \u0648\u0644\u0645\u0633\u0629 \u0646\u0647\u0627\u0626\u064a\u0629 \u0646\u0638\u064a\u0641\u0629.<\/p>\n<p>\u0627\u0644\u062d\u062c\u0645 :.<br \/>\n\u0631\u0642\u0645 \u0627\u0644\u0642\u0637\u0639\u0629: MC18560<br \/>\n- 185 \u0645\u0645 \u00d7 2.0 \u00d7 60 \u0641\u0648\u0644\u062a \u00d7 2.0 \u00d7 60 \u0641\u0648\u0644\u062a<br \/>\n- 7200 \u062f\u0648\u0631\u0629 \u0641\u064a \u0627\u0644\u062f\u0642\u064a\u0642\u0629<\/p>\n<p>\u0631\u0642\u0645 \u0627\u0644\u0642\u0637\u0639\u0629: MC20560<br \/>\n- 205 \u0645\u0645 \u00d7 2.0 \u00d7 2.0 \u00d7 60P<br \/>\n- 6500 \u062f\u0648\u0631\u0629 \u0641\u064a \u0627\u0644\u062f\u0642\u064a\u0642\u0629<\/p>\n<p>\u0631\u0642\u0645 \u0627\u0644\u0642\u0637\u0639\u0629: MC21060<br \/>\n- 210 \u0645\u0645 \u00d7 2.0 \u00d7 2.0 \u00d7 60P<br \/>\n- 6300 \u062f\u0648\u0631\u0629 \u0641\u064a \u0627\u0644\u062f\u0642\u064a\u0642\u0629<\/p>","protected":false},"excerpt":{"rendered":"<p>\u0627\u0644\u0627\u0633\u062a\u062e\u062f\u0627\u0645: \u0645\u0646\u0627\u0633\u0628 \u0644\u0642\u0637\u0639 \u0627\u0644\u0623\u0644\u0648\u0645\u0646\u064a\u0648\u0645 \u0648\u0627\u0644\u062e\u0631\u0637\u0648\u0645 \u0648\u0627\u0644\u062e\u0631\u0627\u0637\u064a\u0645 \u0648\u0627\u0644\u062e\u0634\u0628 \u0648\u063a\u064a\u0631\u0647\u0627.<\/p>\n<p>\u0637\u0644\u0627\u0621 \u062e\u0627\u0635 \u0628\u0627\u0644\u0641\u0644\u0648\u0631 \u0648\u0645\u0642\u0627\u0648\u0645\u0629 \u0627\u062d\u062a\u0643\u0627\u0643 \u0645\u0646\u062e\u0641\u0636\u0629\u060c \u0644\u0642\u0637\u0639 \u0633\u0644\u0633 \u0648\u0644\u0645\u0633\u0629 \u0646\u0647\u0627\u0626\u064a\u0629 \u0646\u0638\u064a\u0641\u0629.<\/p>\n<p>\u0627\u0644\u062d\u062c\u0645.<br \/>\n185 \u0645\u0645 \u00d7 60T<br \/>\n205 \u0645\u0645 \u00d7 60T<br \/>\n210 \u0645\u0645 \u00d7 60T<\/p>","protected":false},"featured_media":11892,"template":"","meta":[],"product_brand":[],"product_cat":[733,1030],"product_tag":[],"class_list":{"0":"post-10194","1":"product","2":"type-product","3":"status-publish","4":"has-post-thumbnail","6":"product_cat-733","7":"product_cat-1030","9":"first","10":"instock","11":"shipping-taxable","12":"product-type-simple"},"_links":{"self":[{"href":"https:\/\/nihonkaiwk.com\/ar\/wp-json\/wp\/v2\/product\/10194","targetHints":{"allow":["GET"]}}],"collection":[{"href":"https:\/\/nihonkaiwk.com\/ar\/wp-json\/wp\/v2\/product"}],"about":[{"href":"https:\/\/nihonkaiwk.com\/ar\/wp-json\/wp\/v2\/types\/product"}],"wp:featuredmedia":[{"embeddable":true,"href":"https:\/\/nihonkaiwk.com\/ar\/wp-json\/wp\/v2\/media\/11892"}],"wp:attachment":[{"href":"https:\/\/nihonkaiwk.com\/ar\/wp-json\/wp\/v2\/media?parent=10194"}],"wp:term":[{"taxonomy":"product_brand","embeddable":true,"href":"https:\/\/nihonkaiwk.com\/ar\/wp-json\/wp\/v2\/product_brand?post=10194"},{"taxonomy":"product_cat","embeddable":true,"href":"https:\/\/nihonkaiwk.com\/ar\/wp-json\/wp\/v2\/product_cat?post=10194"},{"taxonomy":"product_tag","embeddable":true,"href":"https:\/\/nihonkaiwk.com\/ar\/wp-json\/wp\/v2\/product_tag?post=10194"}],"curies":[{"name":"wp","href":"https:\/\/api.w.org\/{rel}","templated":true}]}}