{"id":10529,"date":"2021-05-12T08:42:50","date_gmt":"2021-05-12T08:42:50","guid":{"rendered":"https:\/\/nihonkaiwk.com\/?post_type=product&#038;p=10529"},"modified":"2025-01-09T04:13:10","modified_gmt":"2025-01-09T04:13:10","slug":"tct-saw-blade-for-cutting-aluminum","status":"publish","type":"product","link":"https:\/\/nihonkaiwk.com\/ar\/product\/tct-saw-blade-for-cutting-aluminum\/","title":{"rendered":"\u0634\u0641\u0631\u0629 \u0645\u0646\u0634\u0627\u0631 TCT \u0644\u0642\u0637\u0639 \u0627\u0644\u0623\u0644\u0648\u0645\u0646\u064a\u0648\u0645"},"content":{"rendered":"<p>\u0627\u0644\u062d\u062c\u0645:.<br \/>\n210 \u0645\u0645 (8 \u00d7 8 \u0628\u0648\u0635\u0629) \u00d7 1.6 \u00d7 2.4 \u00d7 100P \u00d7 25.4 \u0645\u0645<\/p>\n<p>235 \u0645\u0645 (9 \u0628\u0648\u0635\u0629) \u00d7 1.8 \u00d7 2.6 \u00d7 100P \u00d7 25.4 \u0645\u0645<\/p>\n<p>255 \u0645\u0645 (10 \u0628\u0648\u0635\u0629) \u00d7 1.8 \u00d7 3.0 \u00d7 100P \u00d7 25.4 \u0645\u0645<br \/>\n255 \u0645\u0645 (10 \u0628\u0648\u0635\u0629) \u00d7 1.8 \u00d7 3.0 \u00d7 120P \u00d7 25.4 \u0645\u0645<\/p>\n<p>305 \u0645\u0645 (12 \u0628\u0648\u0635\u0629) \u00d7 2.2 \u00d7 3.2 \u00d7 3.2 \u00d7 100P \u00d7 25.4\/30 \u0645\u0645<br \/>\n305 \u0645\u0645 (12 \u0628\u0648\u0635\u0629) \u00d7 2.2 \u00d7 3.2 \u00d7 3.2 \u00d7 120P \u00d7 25.4\/30 \u0645\u0645<\/p>\n<p>355 \u0645\u0645 (14 \u0628\u0648\u0635\u0629) \u00d7 2.2 \u00d7 3.2 \u00d7 3.2 \u00d7 100P \u00d7 30 \u0645\u0645<br \/>\n355 \u0645\u0645 (14 \u0628\u0648\u0635\u0629) \u00d7 2.2 \u00d7 3.2 \u00d7 120P \u00d7 30 \u0645\u0645<\/p>\n<p><strong>**\u0623\u064a \u062d\u062c\u0645 \u064a\u0645\u0643\u0646 \u062a\u062e\u0635\u064a\u0635\u0647 \u062d\u0633\u0628 \u0627\u0644\u0637\u0644\u0628<\/strong><\/p>","protected":false},"excerpt":{"rendered":"<p>\u0627\u0644\u0627\u0633\u062a\u062e\u062f\u0627\u0645 \u0644: \u0642\u0637\u0639 \u0627\u0644\u0623\u0644\u0648\u0645\u0646\u064a\u0648\u0645 \u0648\u063a\u064a\u0631 \u0627\u0644\u0645\u0639\u062f\u0646\u064a<\/p>\n<p>- \u062a\u0645 \u062a\u0635\u0645\u064a\u0645 \u0627\u0644\u0623\u0637\u0631\u0627\u0641 \u0644\u0642\u0637\u0639 \u0645\u062e\u062a\u0644\u0641 \u0627\u0644\u0645\u0648\u0627\u062f \u063a\u064a\u0631 \u0627\u0644\u062d\u062f\u064a\u062f\u064a\u0629\u060c \u0628\u0645\u0627 \u0641\u064a \u0630\u0644\u0643 \u0627\u0644\u0623\u0644\u0648\u0645\u0646\u064a\u0648\u0645 \u0648\u0627\u0644\u0646\u062d\u0627\u0633 \u0648\u0627\u0644\u0645\u0648\u0627\u062f \u063a\u064a\u0631 \u0627\u0644\u0645\u0639\u062f\u0646\u064a\u0629.<\/p>\n<p>\u0627\u0644\u062d\u062c\u0645 :.\u00a0<br \/>\n210 \u0645\u0645 (8 \u2033) \u00d7 2.4 \u00d7 2.4 \u00d7 100 \u0637\u0646 \u0645\u062a\u0631\u064a<br \/>\n235 \u0645\u0645 (9 \u0628\u0648\u0635\u0629 (9 \u0628\u0648\u0635\u0629) \u00d7 2.6 \u00d7 100 \u0637\u0646<br \/>\n255 \u0645\u0645 (10 \u0628\u0648\u0635\u0629) \u00d7 3.0 \u00d7 100 \u0637\u0646 \u0645\u062a\u0631\u064a<br \/>\n255 \u0645\u0645 (10 \u00d7 3.0 \u00d7 120T) \u00d7 3.0 \u00d7 3.0 \u0645\u0645 (10\u2033)<br \/>\n305 \u0645\u0645 (12 \u0628\u0648\u0635\u0629) \u00d7 3.2 \u00d7 100 \u0637\u0646 \u0645\u062a\u0631\u064a<br \/>\n305 \u0645\u0645 (12 \u0628\u0648\u0635\u0629) \u00d7 3.2 \u00d7 3.2 \u00d7 120T<br \/>\n355 \u0645\u0645 (14 \u0628\u0648\u0635\u0629) \u00d7 3.2 \u00d7 100 \u0637\u0646 \u0645\u062a\u0631\u064a<br \/>\n355 \u0645\u0645 (14 \u0628\u0648\u0635\u0629) \u00d7 3.2 \u00d7 3.2 \u00d7 120T<\/p>\n<p>\u0645\u0642\u0627\u0633 \u0645\u062e\u0635\u0635<\/p>","protected":false},"featured_media":9954,"template":"","meta":[],"product_brand":[],"product_cat":[327,1172,1173],"product_tag":[],"class_list":{"0":"post-10529","1":"product","2":"type-product","3":"status-publish","4":"has-post-thumbnail","6":"product_cat-all-products","7":"product_cat-saw-blade","8":"product_cat-tct-saw-blade","10":"first","11":"instock","12":"shipping-taxable","13":"purchasable","14":"product-type-variable"},"_links":{"self":[{"href":"https:\/\/nihonkaiwk.com\/ar\/wp-json\/wp\/v2\/product\/10529","targetHints":{"allow":["GET"]}}],"collection":[{"href":"https:\/\/nihonkaiwk.com\/ar\/wp-json\/wp\/v2\/product"}],"about":[{"href":"https:\/\/nihonkaiwk.com\/ar\/wp-json\/wp\/v2\/types\/product"}],"wp:featuredmedia":[{"embeddable":true,"href":"https:\/\/nihonkaiwk.com\/ar\/wp-json\/wp\/v2\/media\/9954"}],"wp:attachment":[{"href":"https:\/\/nihonkaiwk.com\/ar\/wp-json\/wp\/v2\/media?parent=10529"}],"wp:term":[{"taxonomy":"product_brand","embeddable":true,"href":"https:\/\/nihonkaiwk.com\/ar\/wp-json\/wp\/v2\/product_brand?post=10529"},{"taxonomy":"product_cat","embeddable":true,"href":"https:\/\/nihonkaiwk.com\/ar\/wp-json\/wp\/v2\/product_cat?post=10529"},{"taxonomy":"product_tag","embeddable":true,"href":"https:\/\/nihonkaiwk.com\/ar\/wp-json\/wp\/v2\/product_tag?post=10529"}],"curies":[{"name":"wp","href":"https:\/\/api.w.org\/{rel}","templated":true}]}}