{"id":10539,"date":"2021-05-12T08:58:13","date_gmt":"2021-05-12T08:58:13","guid":{"rendered":"https:\/\/nihonkaiwk.com\/?post_type=product&#038;p=10539"},"modified":"2025-01-09T04:12:57","modified_gmt":"2025-01-09T04:12:57","slug":"tct-saw-blade-for-cutting-plastic","status":"publish","type":"product","link":"https:\/\/nihonkaiwk.com\/ar\/product\/tct-saw-blade-for-cutting-plastic\/","title":{"rendered":"\u0634\u0641\u0631\u0629 \u0645\u0646\u0634\u0627\u0631 TCT \u0644\u0642\u0637\u0639 \u0627\u0644\u0628\u0644\u0627\u0633\u062a\u064a\u0643"},"content":{"rendered":"<p>\u0634\u0641\u0631\u0629 \u0645\u0646\u0634\u0627\u0631 TCT - \u0644\u0642\u0637\u0639 \u0627\u0644\u0628\u0644\u0627\u0633\u062a\u064a\u0643<\/p>\n<p>\u0627\u0644\u062d\u062c\u0645 :.<br \/>\n210 \u0645\u0645 (8 \u2033) \u00d7 1.4 \u00d7 1.4 \u00d7 1.8 \u00d7 100P \u00d7 25.4 \u0645\u0645<\/p>\n<p>**<strong>\u064a\u0645\u0643\u0646 \u062a\u062e\u0635\u064a\u0635 \u0623\u064a \u0645\u0642\u0627\u0633 \u0645\u0646\u0627\u0633\u0628<\/strong><\/p>","protected":false},"excerpt":{"rendered":"<p>\u0627\u0644\u0627\u0633\u062a\u062e\u062f\u0627\u0645: \u0645\u0646\u0627\u0633\u0628 \u0644\u0642\u0637\u0639 \u0627\u0644\u0628\u0644\u0627\u0633\u062a\u064a\u0643<\/p>\n<p>- \u064a\u062a\u064a\u062d \u0634\u0643\u0644 \u0627\u0644\u0637\u0631\u0641 \u0627\u0644\u062e\u0627\u0635 \u0648\u062a\u0643\u0648\u064a\u0646 \u0627\u0644\u062c\u0633\u0645 \u0627\u0644\u062e\u0627\u0635 \u062a\u0641\u0631\u064a\u063a \u0633\u0644\u0633 \u0644\u0644\u0646\u0634\u0627\u0631\u0629.<\/p>\n<p>\u0627\u0644\u062d\u062c\u0645 :.<br \/>\n210 \u0645\u0645 (8 \u2033) \u00d7 1.8 \u00d7 100 \u0637\u0646 \u0645\u062a\u0631\u064a 210 \u0645\u0645 (8\u2033)<\/p>","protected":false},"featured_media":9956,"template":"","meta":[],"product_brand":[],"product_cat":[327,1172,1173],"product_tag":[],"class_list":{"0":"post-10539","1":"product","2":"type-product","3":"status-publish","4":"has-post-thumbnail","6":"product_cat-all-products","7":"product_cat-saw-blade","8":"product_cat-tct-saw-blade","10":"first","11":"instock","12":"shipping-taxable","13":"purchasable","14":"product-type-variable","15":"has-default-attributes"},"_links":{"self":[{"href":"https:\/\/nihonkaiwk.com\/ar\/wp-json\/wp\/v2\/product\/10539","targetHints":{"allow":["GET"]}}],"collection":[{"href":"https:\/\/nihonkaiwk.com\/ar\/wp-json\/wp\/v2\/product"}],"about":[{"href":"https:\/\/nihonkaiwk.com\/ar\/wp-json\/wp\/v2\/types\/product"}],"wp:featuredmedia":[{"embeddable":true,"href":"https:\/\/nihonkaiwk.com\/ar\/wp-json\/wp\/v2\/media\/9956"}],"wp:attachment":[{"href":"https:\/\/nihonkaiwk.com\/ar\/wp-json\/wp\/v2\/media?parent=10539"}],"wp:term":[{"taxonomy":"product_brand","embeddable":true,"href":"https:\/\/nihonkaiwk.com\/ar\/wp-json\/wp\/v2\/product_brand?post=10539"},{"taxonomy":"product_cat","embeddable":true,"href":"https:\/\/nihonkaiwk.com\/ar\/wp-json\/wp\/v2\/product_cat?post=10539"},{"taxonomy":"product_tag","embeddable":true,"href":"https:\/\/nihonkaiwk.com\/ar\/wp-json\/wp\/v2\/product_tag?post=10539"}],"curies":[{"name":"wp","href":"https:\/\/api.w.org\/{rel}","templated":true}]}}