{"id":10598,"date":"2024-10-01T07:44:22","date_gmt":"2024-10-01T07:44:22","guid":{"rendered":"https:\/\/nihonkaiwk.com\/?post_type=product&#038;p=10598"},"modified":"2025-11-03T07:40:34","modified_gmt":"2025-11-03T07:40:34","slug":"multi-cutter","status":"publish","type":"product","link":"https:\/\/nihonkaiwk.com\/ar\/product\/multi-cutter\/","title":{"rendered":"\u0642\u0627\u0637\u0639 \u0645\u062a\u0639\u062f\u062f"},"content":{"rendered":"<p>\u0627\u0644\u062d\u062c\u0645:.<br \/>\n\u0627\u0644\u0645\u0648\u062f\u064a\u0644 : MC18560<br \/>\n- 185 \u0645\u0645 \u00d7 2.0 \u00d7 60 \u0641\u0648\u0644\u062a \u00d7 2.0 \u00d7 60 \u0641\u0648\u0644\u062a<br \/>\n- 7200 \u062f\u0648\u0631\u0629 \u0641\u064a \u0627\u0644\u062f\u0642\u064a\u0642\u0629<\/p>\n<p>\u0627\u0644\u0645\u0648\u062f\u064a\u0644 : MC20560<br \/>\n- 205 \u0645\u0645 \u00d7 2.0 \u00d7 2.0 \u00d7 60P<br \/>\n- 6500 \u062f\u0648\u0631\u0629 \u0641\u064a \u0627\u0644\u062f\u0642\u064a\u0642\u0629<\/p>\n<p>\u0627\u0644\u0645\u0648\u062f\u064a\u0644 : MC21060<br \/>\n- 210 \u0645\u0645 \u00d7 2.0 \u00d7 2.0 \u00d7 60P \u00d7 30 \u0645\u0645 (\u0627\u0631\u062a\u0641\u0627\u0639)<br \/>\n- 6300 \u062f\u0648\u0631\u0629 \u0641\u064a \u0627\u0644\u062f\u0642\u064a\u0642\u0629<\/p>","protected":false},"excerpt":{"rendered":"<p>\u0627\u0644\u0627\u0633\u062a\u062e\u062f\u0627\u0645 \u0645\u0646 \u0623\u062c\u0644: \u0642\u0637\u0639 \u0627\u0644\u0623\u0644\u0648\u0645\u0646\u064a\u0648\u0645 \u0648\u0627\u0644\u0623\u0646\u0627\u0628\u064a\u0628 \u0627\u0644\u0628\u0644\u0627\u0633\u062a\u064a\u0643\u064a\u0629 \u0648\u0627\u0644\u062e\u0634\u0628 \u0648\u063a\u064a\u0631\u0647\u0627.<\/p>\n<p>- \u0637\u0644\u0627\u0621 \u062e\u0627\u0635 \u0639\u0644\u0649 \u0627\u0644\u0635\u0641\u064a\u062d\u0629 \u064a\u062c\u0639\u0644 \u0627\u0644\u062a\u0642\u0637\u064a\u0639 \u0623\u0643\u062b\u0631 \u0633\u0644\u0627\u0633\u0629.<\/p>\n<p>- \u062a\u0642\u0644\u0644 \u0631\u0624\u0648\u0633 \u0627\u0644\u0643\u0631\u0628\u064a\u062f \u0627\u0644\u0642\u0648\u064a\u0629 \u0645\u0646 \u0643\u0645\u064a\u0629 \u0627\u0644\u062d\u0631\u0648\u0642 \u0639\u0644\u0649 \u0633\u0637\u062d \u0627\u0644\u0642\u0637\u0639 \u0648\u062a\u0642\u0644\u0644 \u0645\u0646 \u0643\u0645\u064a\u0629 \u0627\u0644\u0646\u0641\u0627\u064a\u0627\u062a \u0627\u0644\u0646\u0627\u062a\u062c\u0629.<\/p>\n<p>\u0627\u0644\u062d\u062c\u0645 :.<br \/>\n185 \u0645\u0645 \u00d7 60T<br \/>\n205 \u0645\u0645 \u00d7 60T<br \/>\n210 \u0645\u0645 \u00d7 60T<\/p>","protected":false},"featured_media":11892,"template":"","meta":[],"product_brand":[],"product_cat":[327,1172,1177],"product_tag":[],"class_list":{"0":"post-10598","1":"product","2":"type-product","3":"status-publish","4":"has-post-thumbnail","6":"product_cat-all-products","7":"product_cat-saw-blade","8":"product_cat-multi-cutter","10":"first","11":"instock","12":"shipping-taxable","13":"product-type-simple"},"_links":{"self":[{"href":"https:\/\/nihonkaiwk.com\/ar\/wp-json\/wp\/v2\/product\/10598","targetHints":{"allow":["GET"]}}],"collection":[{"href":"https:\/\/nihonkaiwk.com\/ar\/wp-json\/wp\/v2\/product"}],"about":[{"href":"https:\/\/nihonkaiwk.com\/ar\/wp-json\/wp\/v2\/types\/product"}],"wp:featuredmedia":[{"embeddable":true,"href":"https:\/\/nihonkaiwk.com\/ar\/wp-json\/wp\/v2\/media\/11892"}],"wp:attachment":[{"href":"https:\/\/nihonkaiwk.com\/ar\/wp-json\/wp\/v2\/media?parent=10598"}],"wp:term":[{"taxonomy":"product_brand","embeddable":true,"href":"https:\/\/nihonkaiwk.com\/ar\/wp-json\/wp\/v2\/product_brand?post=10598"},{"taxonomy":"product_cat","embeddable":true,"href":"https:\/\/nihonkaiwk.com\/ar\/wp-json\/wp\/v2\/product_cat?post=10598"},{"taxonomy":"product_tag","embeddable":true,"href":"https:\/\/nihonkaiwk.com\/ar\/wp-json\/wp\/v2\/product_tag?post=10598"}],"curies":[{"name":"wp","href":"https:\/\/api.w.org\/{rel}","templated":true}]}}