{"id":11596,"date":"2022-09-25T05:34:57","date_gmt":"2022-09-25T05:34:57","guid":{"rendered":"https:\/\/nihonkaiwk.com\/?post_type=product&#038;p=11596"},"modified":"2025-01-09T06:45:53","modified_gmt":"2025-01-09T06:45:53","slug":"ziel-2-0-%e3%82%a2%e3%83%ab%e3%83%9f%e3%83%8b%e3%82%a6%e3%83%a0%e7%94%a8-%e3%83%81%e3%83%83%e3%83%97%e3%82%bd%e3%83%bc","status":"publish","type":"product","link":"https:\/\/nihonkaiwk.com\/ar\/product\/ziel-2-0-%e3%82%a2%e3%83%ab%e3%83%9f%e3%83%8b%e3%82%a6%e3%83%a0%e7%94%a8-%e3%83%81%e3%83%83%e3%83%97%e3%82%bd%e3%83%bc\/","title":{"rendered":"Ziel 2.0 - \u0645\u0646\u0634\u0627\u0631 \u062a\u0642\u0637\u064a\u0639 \u0644\u0644\u0623\u0644\u0648\u0645\u0646\u064a\u0648\u0645"},"content":{"rendered":"<p>Ziel 2.0 - \u0645\u0646\u0634\u0627\u0631 \u062a\u0642\u0637\u064a\u0639 \u0644\u0644\u0623\u0644\u0648\u0645\u0646\u064a\u0648\u0645<\/p>\n<p>\u0623\u0637\u0644\u0642\u062a \u0634\u0631\u0643\u0629 \u0646\u064a\u0647\u0648\u0646\u0643\u0627\u064a \u0646\u064a\u0647\u0648\u0646\u0643\u0627\u064a \u0646\u064a\u0647\u0648\u0646\u0643\u0627\u064a Wk \u062d\u062f\u064a\u062b\u064b\u0627 Zie ( Ziel).<br \/>\n\u0627\u0644\u0633\u0644\u0633\u0644\u0629 \u0645\u0642\u0627\u0648\u0645\u0629 \u0644\u0644\u062a\u0622\u0643\u0644\u2027 \u0645\u0642\u0627\u0648\u0645\u0629 \u0644\u0644\u0623\u0643\u0633\u062f\u0629.<br \/>\n\u064a\u0639\u0645\u0644 \u0627\u0633\u062a\u062e\u062f\u0627\u0645 \u0633\u0628\u064a\u0643\u0629 \u0643\u0631\u0628\u064a\u062f \u0623\u0633\u0645\u0646\u062a\u064a \u062e\u0627\u0635 \u0630\u0648 \u0635\u0644\u0627\u0628\u0629 \u0641\u0627\u0626\u0642\u0629 \u0639\u0644\u0649 \u062a\u062d\u0633\u064a\u0646 \u0639\u0645\u0631 \u062d\u0627\u0641\u0629 \u0627\u0644\u0642\u0637\u0639.<br \/>\n\u0634\u0642\u0648\u0642 \u0644\u064a\u0632\u0631 \u0645\u0632\u062f\u0648\u062c\u0629 \u062a\u0636\u0627\u0639\u0641 \u0627\u0644\u0647\u062f\u0648\u0621.<br \/>\n\u062a\u0635\u0645\u064a\u0645 \u062e\u0637\u0627\u0641 \u0627\u0644\u062e\u0637\u0627\u0641 \u064a\u0645\u0646\u0639 \u062a\u0634\u0648\u0647 \u062c\u0633\u0645 \u0627\u0644\u0634\u0641\u0631\u0629.<br \/>\n\u0637\u0644\u0627\u0621 \u0628\u0627\u0644\u0643\u0631\u0648\u0645 \u0639\u0644\u0649 \u0627\u0644\u0634\u0641\u0631\u0629 \u0644\u062a\u062d\u0633\u064a\u0646 \u062a\u0628\u062f\u064a\u062f \u0627\u0644\u062d\u0631\u0627\u0631\u0629 \u0648\u0645\u0646\u0639 \u0627\u0644\u062a\u0634\u0648\u0647 \u0648\u0632\u064a\u0627\u062f\u0629 \u0627\u0644\u0635\u0644\u0627\u0628\u0629.<\/p>\n<p>\u0627\u0644\u062d\u062c\u0645 :.<\/p>\n<p>210 \u0645\u0645 (8 \u0628\u0648\u0635\u0629 (8 \u0628\u0648\u0635\u0629) \u00d7 100 \u0637\u0646 \u00d7 3.0 \u00d7 25.4 \u0645\u0645 (\u0627\u0631\u062a\u0641\u0627\u0639)<\/p>\n<p>235 \u0645\u0645 (9 \u0628\u0648\u0635\u0629 (9 \u0628\u0648\u0635\u0629) \u00d7 100T \u00d7 3.0 \u00d7 25.4 \u0645\u0645 (\u0627\u0631\u062a\u0641\u0627\u0639)<\/p>\n<p>255 \u0645\u0645 (10 \u0628\u0648\u0635\u0629 (10 \u0628\u0648\u0635\u0629) \u00d7 100 \u0637\u0646 \u00d7 3.0 \u00d7 25.4 \u0645\u0645 (\u0627\u0631\u062a\u0641\u0627\u0639)<br \/>\n255 \u0645\u0645 (10 \u0628\u0648\u0635\u0629 \u00d7 120T \u00d7 3.0 \u00d7 25.4 \u0645\u0645 (\u0627\u0631\u062a\u0641\u0627\u0639)<\/p>\n<p>305 \u0645\u0645 (12 \u0628\u0648\u0635\u0629) \u00d7 100 \u0637\u0646 \u00d7 3.2 \u00d7 25.4 \u0645\u0645 (\u0627\u0631\u062a\u0641\u0627\u0639)<br \/>\n305 \u0645\u0645 (12 \u0628\u0648\u0635\u0629) \u00d7 120 \u0637\u0646 \u00d7 3.2 \u00d7 25.4 \u0645\u0645 (\u0627\u0631\u062a\u0641\u0627\u0639)<\/p>\n<p>355 \u0645\u0645 (14 \u0628\u0648\u0635\u0629) \u00d7 120 \u0637\u0646 \u00d7 3.2 \u00d7 25.4 \u0645\u0645 (\u0627\u0631\u062a\u0641\u0627\u0639)<\/p>\n<p>** \u064a\u0645\u0643\u0646\u0646\u0627 \u0627\u0644\u0625\u0646\u062a\u0627\u062c \u062d\u0633\u0628 \u0645\u0648\u0627\u0635\u0641\u0627\u062a\u0643.<\/p>\n<p><a href=\"https:\/\/nihonkaiwk.com\/wp-content\/uploads\/2020\/10\/Ziel-Version-2.0-\u92f8\u92c1\u7247.png\"><img loading=\"lazy\" decoding=\"async\" src=\"https:\/\/nihonkaiwk.com\/wp-content\/uploads\/2020\/10\/Ziel-Version-2.0-\u92f8\u92c1\u7247.png\" alt=\"\" width=\"2481\" height=\"3508\" class=\"alignnone size-full wp-image-11590\" srcset=\"https:\/\/nihonkaiwk.com\/wp-content\/uploads\/2020\/10\/Ziel-Version-2.0-\u92f8\u92c1\u7247.png 2481w, https:\/\/nihonkaiwk.com\/wp-content\/uploads\/2020\/10\/Ziel-Version-2.0-\u92f8\u92c1\u7247-212x300.png 212w, https:\/\/nihonkaiwk.com\/wp-content\/uploads\/2020\/10\/Ziel-Version-2.0-\u92f8\u92c1\u7247-724x1024.png 724w, https:\/\/nihonkaiwk.com\/wp-content\/uploads\/2020\/10\/Ziel-Version-2.0-\u92f8\u92c1\u7247-768x1086.png 768w, https:\/\/nihonkaiwk.com\/wp-content\/uploads\/2020\/10\/Ziel-Version-2.0-\u92f8\u92c1\u7247-1086x1536.png 1086w, https:\/\/nihonkaiwk.com\/wp-content\/uploads\/2020\/10\/Ziel-Version-2.0-\u92f8\u92c1\u7247-1448x2048.png 1448w, https:\/\/nihonkaiwk.com\/wp-content\/uploads\/2020\/10\/Ziel-Version-2.0-\u92f8\u92c1\u7247-600x848.png 600w\" sizes=\"auto, (max-width: 2481px) 100vw, 2481px\" \/><\/a><\/p>\n<p>&nbsp;<\/p>\n<p>&nbsp;<\/p>","protected":false},"excerpt":{"rendered":"<p>\u0627\u0644\u062a\u0637\u0628\u064a\u0642: \u0642\u0637\u0639 \u0627\u0644\u0623\u0644\u0648\u0645\u0646\u064a\u0648\u0645 \u0648\u0627\u0644\u0644\u0627\u0641\u0644\u0632\u0627\u062a \u063a\u064a\u0631 \u0627\u0644\u0645\u0639\u062f\u0646\u064a\u0629<\/p>\n<p>- \u0634\u0642\u0648\u0642 \u0644\u064a\u0632\u0631 \u0645\u0632\u062f\u0648\u062c\u0629 \u062a\u0636\u0627\u0639\u0641 \u0627\u0644\u0647\u062f\u0648\u0621.<br \/>\n- \u062a\u0635\u0645\u064a\u0645 \u062e\u0637\u0627\u0641 \u0627\u0644\u062e\u0637\u0627\u0641 \u064a\u0645\u0646\u0639 \u062a\u0634\u0648\u0647 \u062c\u0633\u0645 \u0627\u0644\u0634\u0641\u0631\u0629.<br \/>\n- \u0637\u0644\u0627\u0621 \u0628\u0627\u0644\u0643\u0631\u0648\u0645 \u0639\u0644\u0649 \u0627\u0644\u0634\u0641\u0631\u0629 \u0644\u062a\u062d\u0633\u064a\u0646 \u062a\u0628\u062f\u064a\u062f \u0627\u0644\u062d\u0631\u0627\u0631\u0629 \u0648\u0645\u0646\u0639 \u0627\u0644\u062a\u0634\u0648\u0647 \u0648\u0632\u064a\u0627\u062f\u0629 \u0627\u0644\u0635\u0644\u0627\u0628\u0629.<br \/>\n- \u062a\u0642\u0637\u064a\u0639 \u0633\u0644\u0633 \u0648\u0633\u0631\u064a\u0639 \u0645\u0639 \u0631\u0624\u0648\u0633 \u0639\u0627\u0644\u064a\u0629 \u0627\u0644\u062c\u0648\u062f\u0629 \u0648\u0637\u0648\u064a\u0644\u0629 \u0627\u0644\u0639\u0645\u0631 \u0627\u0644\u0627\u0641\u062a\u0631\u0627\u0636\u064a<\/p>\n<p>\u0627\u0644\u062d\u062c\u0645 :.<br \/>\n- 210 \u0645\u0645 (8 \u0628\u0648\u0635\u0629 (8 \u0628\u0648\u0635\u0629) \u00d7 100T<br \/>\n- 235 \u0645\u0645 (9 \u0628\u0648\u0635\u0629 (9 \u0628\u0648\u0635\u0629) \u00d7 100 \u0637\u0646 \u0645\u062a\u0631\u064a<br \/>\n- 255 \u0645\u0645 (10 \u0628\u0648\u0635\u0629) \u00d7 100T \/ 120T<br \/>\n- 305 \u0645\u0645 (12 \u0628\u0648\u0635\u0629) \u00d7 100T \/ 120T<br \/>\n- 355 \u0645\u0645 (14 \u0628\u0648\u0635\u0629) \u00d7 120 \u0637\u0646 \u0645\u062a\u0631\u064a <\/p>\n<p>** \u064a\u0645\u0643\u0646\u0646\u0627 \u0627\u0644\u0625\u0646\u062a\u0627\u062c \u062d\u0633\u0628 \u0645\u0648\u0627\u0635\u0641\u0627\u062a\u0643.<\/p>","protected":false},"featured_media":11592,"template":"","meta":[],"product_brand":[],"product_cat":[733,735],"product_tag":[],"class_list":{"0":"post-11596","1":"product","2":"type-product","3":"status-publish","4":"has-post-thumbnail","6":"product_cat-733","7":"product_cat-tct-","9":"first","10":"instock","11":"shipping-taxable","12":"product-type-simple"},"_links":{"self":[{"href":"https:\/\/nihonkaiwk.com\/ar\/wp-json\/wp\/v2\/product\/11596","targetHints":{"allow":["GET"]}}],"collection":[{"href":"https:\/\/nihonkaiwk.com\/ar\/wp-json\/wp\/v2\/product"}],"about":[{"href":"https:\/\/nihonkaiwk.com\/ar\/wp-json\/wp\/v2\/types\/product"}],"wp:featuredmedia":[{"embeddable":true,"href":"https:\/\/nihonkaiwk.com\/ar\/wp-json\/wp\/v2\/media\/11592"}],"wp:attachment":[{"href":"https:\/\/nihonkaiwk.com\/ar\/wp-json\/wp\/v2\/media?parent=11596"}],"wp:term":[{"taxonomy":"product_brand","embeddable":true,"href":"https:\/\/nihonkaiwk.com\/ar\/wp-json\/wp\/v2\/product_brand?post=11596"},{"taxonomy":"product_cat","embeddable":true,"href":"https:\/\/nihonkaiwk.com\/ar\/wp-json\/wp\/v2\/product_cat?post=11596"},{"taxonomy":"product_tag","embeddable":true,"href":"https:\/\/nihonkaiwk.com\/ar\/wp-json\/wp\/v2\/product_tag?post=11596"}],"curies":[{"name":"wp","href":"https:\/\/api.w.org\/{rel}","templated":true}]}}