{"id":9429,"date":"2022-04-08T07:31:09","date_gmt":"2022-04-08T07:31:09","guid":{"rendered":"https:\/\/nihonkaiwk.com\/?post_type=product&#038;p=9429"},"modified":"2025-01-09T07:12:05","modified_gmt":"2025-01-09T07:12:05","slug":"tct%e5%90%88%e9%87%91%e9%8b%b8%e8%86%a0%e7%89%87","status":"publish","type":"product","link":"https:\/\/nihonkaiwk.com\/ar\/product\/tct%e5%90%88%e9%87%91%e9%8b%b8%e8%86%a0%e7%89%87\/","title":{"rendered":"\u0642\u0637\u0639 \u063a\u0631\u0627\u0621 \u0627\u0644\u0645\u0646\u0634\u0627\u0631 \u0627\u0644\u0633\u0628\u064a\u0643\u064a TCT"},"content":{"rendered":"<p>\u0642\u0637\u0639 \u0627\u0644\u063a\u0631\u0627\u0621 \u0627\u0644\u0645\u0646\u0634\u0627\u0631\u064a\u0629 - \u0645\u0627\u062f\u0629 \u063a\u0631\u0627\u0621 \u0645\u062b\u0627\u0644\u064a\u0629 \u0644\u0644\u0642\u0637\u0639 \u0648\u0627\u0644\u062a\u0634\u0642\u0642<\/p>\n<p>\u062a\u062a\u0645\u064a\u0632 \u0634\u0641\u0631\u0629 \u0627\u0644\u0645\u0646\u0634\u0627\u0631 \u0627\u0644\u0645\u0635\u0646\u0648\u0639\u0629 \u0645\u0646 \u0633\u0628\u064a\u0643\u0629 JMT \u0628\u0631\u0623\u0633 \u0634\u0641\u0631\u0629 \u0635\u0644\u0628 \u0645\u0639 \u0647\u064a\u0643\u0644 \u0622\u0644\u0629 \u0639\u0627\u0644\u064a \u0627\u0644\u062c\u0648\u062f\u0629\u060c \u0628\u0627\u0644\u0625\u0636\u0627\u0641\u0629 \u0625\u0644\u0649 \u0645\u0633\u0645\u0627\u0631 \u0646\u062d\u0627\u0633\u064a (\u0642\u0637\u0631\u0647 185 \u0645\u0645)\u060c \u0645\u0645\u0627 \u064a\u0633\u0647\u0644 \u0639\u0645\u0644\u064a\u0629 \u0627\u0644\u0642\u0637\u0639 \u0648\u064a\u062e\u0641\u0636 \u0627\u0644\u0635\u0648\u062a \u0639\u0646\u062f \u0642\u0637\u0639 \u0627\u0644\u0645\u0648\u0627\u062f.<\/p>\n<p>\u0645\u0639\u064a\u0627\u0631 \u0628\u064f\u0639\u062f \u0627\u0644\u0645\u0642\u064a\u0627\u0633:.<br \/>\n210 \u0645\u0645 (8 \u2033) \u00d7 1.4 \u00d7 1.4 \u00d7 1.8 \u00d7 100P \u00d7 25.4 \u0645\u0645<\/p>\n<p>** \u0645\u0635\u062d\u062d\u0629 \u0628\u0645\u0642\u062f\u0627\u0631 \u0643\u0645 \u0642\u062f\u0645\u061f<\/p>","protected":false},"excerpt":{"rendered":"<p>\u0627\u0644\u0627\u0633\u062a\u062e\u062f\u0627\u0645: \u0627\u0644\u0627\u0633\u062a\u062e\u062f\u0627\u0645 \u0641\u064a \u0642\u0637\u0639 \u063a\u0631\u0627\u0621 \u0627\u0644\u0628\u0644\u0627\u0633\u062a\u064a\u0643<\/p>\n<p>\u062a\u0627\u0641\u0647<br \/>\n210 \u0645\u0645 (8 \u2033) \u00d7 1.8 \u00d7 100 \u0637\u0646 \u0645\u062a\u0631\u064a 210 \u0645\u0645 (8\u2033)<br \/>\n\u0627\u0644\u0639\u0645\u0642 \u0648\u0627\u0644\u0627\u062a\u0633\u0627\u0639<\/p>","protected":false},"featured_media":9956,"template":"","meta":[],"product_brand":[],"product_cat":[326,377,323],"product_tag":[],"class_list":{"0":"post-9429","1":"product","2":"type-product","3":"status-publish","4":"has-post-thumbnail","6":"product_cat-326","7":"product_cat-377","8":"product_cat-tct","10":"first","11":"instock","12":"shipping-taxable","13":"purchasable","14":"product-type-variable","15":"has-default-attributes"},"_links":{"self":[{"href":"https:\/\/nihonkaiwk.com\/ar\/wp-json\/wp\/v2\/product\/9429","targetHints":{"allow":["GET"]}}],"collection":[{"href":"https:\/\/nihonkaiwk.com\/ar\/wp-json\/wp\/v2\/product"}],"about":[{"href":"https:\/\/nihonkaiwk.com\/ar\/wp-json\/wp\/v2\/types\/product"}],"wp:featuredmedia":[{"embeddable":true,"href":"https:\/\/nihonkaiwk.com\/ar\/wp-json\/wp\/v2\/media\/9956"}],"wp:attachment":[{"href":"https:\/\/nihonkaiwk.com\/ar\/wp-json\/wp\/v2\/media?parent=9429"}],"wp:term":[{"taxonomy":"product_brand","embeddable":true,"href":"https:\/\/nihonkaiwk.com\/ar\/wp-json\/wp\/v2\/product_brand?post=9429"},{"taxonomy":"product_cat","embeddable":true,"href":"https:\/\/nihonkaiwk.com\/ar\/wp-json\/wp\/v2\/product_cat?post=9429"},{"taxonomy":"product_tag","embeddable":true,"href":"https:\/\/nihonkaiwk.com\/ar\/wp-json\/wp\/v2\/product_tag?post=9429"}],"curies":[{"name":"wp","href":"https:\/\/api.w.org\/{rel}","templated":true}]}}