{"id":9499,"date":"2023-04-09T04:39:05","date_gmt":"2023-04-09T04:39:05","guid":{"rendered":"https:\/\/nihonkaiwk.com\/?post_type=product&#038;p=9499"},"modified":"2025-01-09T07:10:10","modified_gmt":"2025-01-09T07:10:10","slug":"5-%e7%a0%82%e8%bc%aa%e7%89%87","status":"publish","type":"product","link":"https:\/\/nihonkaiwk.com\/ar\/product\/5-%e7%a0%82%e8%bc%aa%e7%89%87\/","title":{"rendered":"5\u2033 \u0634\u0631\u064a\u0637 \u0639\u062c\u0644\u0629 \u0627\u0644\u0631\u0645\u0644 \u0627\u0644\u0623\u062e\u0636\u0631"},"content":{"rendered":"<p>5\u2033 \u0642\u0637\u0639\u0629 \u062d\u0644\u0642\u0629 \u0631\u0645\u0644 5\u2033 \u0642\u0637\u0639\u0629<\/p>\n<p>- \u0634\u0638\u0627\u064a\u0627 \u0639\u062c\u0644\u0629 \u0631\u0645\u0644 \u0627\u0644\u0646\u0639\u0646\u0627\u0639 \u0630\u0627\u062a \u0627\u0644\u062a\u0642\u0646\u064a\u0629 \u0627\u0644\u062a\u0642\u0644\u064a\u062f\u064a\u0629 \u0627\u0644\u064a\u0627\u0628\u0627\u0646\u064a\u0629 \u0639\u0627\u0644\u064a\u0629 \u0627\u0644\u062c\u0648\u062f\u0629.<br \/>\n- \u062a\u0635\u0645\u064a\u0645 \u0645\u0632\u062f\u0648\u062c \u0627\u0644\u0634\u0628\u0643\u0629\u060c \u0648\u0639\u0645\u0631 \u062e\u062f\u0645\u0629 \u0623\u0643\u062b\u0631 \u0642\u0648\u0629<br \/>\n- \u0642\u0637\u0639 \u0627\u0644\u0641\u0648\u0644\u0627\u0630\u060c \u0627\u0644\u0641\u0648\u0644\u0627\u0630 \u0627\u0644\u0645\u0642\u0627\u0648\u0645 \u0644\u0644\u0635\u062f\u0623<br \/>\n- \u0635\u0644\u0627\u062d\u064a\u0629 \u062e\u062f\u0645\u0629 \u062c\u064a\u062f\u0629\u060c \u0634\u0631\u0627\u0631\u0629 \u0645\u0646\u062e\u0641\u0636\u0629\u060c \u0642\u0637\u0639 \u0627\u0644\u0641\u0648\u0644\u0627\u0630\u060c \u0645\u062a\u062e\u0635\u0635 \u0641\u064a \u0627\u0644\u062d\u062f\u064a\u062f<\/p>\n<p>\u0645\u0639\u064a\u0627\u0631 \u0628\u064f\u0639\u062f \u0627\u0644\u0645\u0642\u064a\u0627\u0633:.<br \/>\n(5\u2033) 125 \u00d7 1.2 \u00d7 22.2 \u00d7 22.2 \u0645\u0645<\/p>\n<p>-12200 \u062f\u0648\u0631\u0629 \u0641\u064a \u0627\u0644\u062f\u0642\u064a\u0642\u0629<\/p>","protected":false},"excerpt":{"rendered":"<p>\u0641\u0648\u0644\u0627\u0630 \u0645\u0642\u0633\u0645 \u0628\u0627\u0644\u062f\u0645\u0648\u0639\u060c \u0641\u0648\u0644\u0627\u0630 \u0645\u0642\u0627\u0648\u0645 \u0644\u0644\u0635\u062f\u0623<\/p>\n<p>\u062a\u0635\u0645\u064a\u0645 \u0645\u0632\u062f\u0648\u062c \u0627\u0644\u0634\u0628\u0643\u0629\u060c \u0623\u0643\u062b\u0631 \u0642\u0648\u0629 \u0648\u0645\u062a\u0627\u0646\u0629 \u0648\u0623\u0642\u0644 \u0634\u0631\u0631\u064b\u0627 \u0648\u0623\u0642\u0644 \u0634\u0631\u0631\u064b\u0627 \u0648\u0623\u0642\u0644 \u0641\u0648\u0644\u0627\u0630\u064b\u0627 \u0645\u0642\u0637\u0648\u0639\u064b\u0627 \u0648\u062e\u0628\u064a\u0631\u064b\u0627 \u0641\u064a \u0627\u0644\u0641\u0648\u0644\u0627\u0630.<\/p>\n<p>\u0627\u0644\u0623\u0628\u0639\u0627\u062f :.<br \/>\n(5\u2033) 125 \u00d7 1.2 \u00d7 22.2 \u00d7 22.2 \u0645\u0645<\/p>","protected":false},"featured_media":9975,"template":"","meta":[],"product_brand":[],"product_cat":[326,377,352],"product_tag":[],"class_list":{"0":"post-9499","1":"product","2":"type-product","3":"status-publish","4":"has-post-thumbnail","6":"product_cat-326","7":"product_cat-377","8":"product_cat-352","10":"first","11":"instock","12":"shipping-taxable","13":"purchasable","14":"product-type-variable"},"_links":{"self":[{"href":"https:\/\/nihonkaiwk.com\/ar\/wp-json\/wp\/v2\/product\/9499","targetHints":{"allow":["GET"]}}],"collection":[{"href":"https:\/\/nihonkaiwk.com\/ar\/wp-json\/wp\/v2\/product"}],"about":[{"href":"https:\/\/nihonkaiwk.com\/ar\/wp-json\/wp\/v2\/types\/product"}],"wp:featuredmedia":[{"embeddable":true,"href":"https:\/\/nihonkaiwk.com\/ar\/wp-json\/wp\/v2\/media\/9975"}],"wp:attachment":[{"href":"https:\/\/nihonkaiwk.com\/ar\/wp-json\/wp\/v2\/media?parent=9499"}],"wp:term":[{"taxonomy":"product_brand","embeddable":true,"href":"https:\/\/nihonkaiwk.com\/ar\/wp-json\/wp\/v2\/product_brand?post=9499"},{"taxonomy":"product_cat","embeddable":true,"href":"https:\/\/nihonkaiwk.com\/ar\/wp-json\/wp\/v2\/product_cat?post=9499"},{"taxonomy":"product_tag","embeddable":true,"href":"https:\/\/nihonkaiwk.com\/ar\/wp-json\/wp\/v2\/product_tag?post=9499"}],"curies":[{"name":"wp","href":"https:\/\/api.w.org\/{rel}","templated":true}]}}