{"id":9522,"date":"2023-04-09T07:00:45","date_gmt":"2023-04-09T07:00:45","guid":{"rendered":"https:\/\/nihonkaiwk.com\/?post_type=product&#038;p=9522"},"modified":"2025-11-03T07:56:43","modified_gmt":"2025-11-03T07:56:43","slug":"%e5%85%85%e9%9b%bb%e5%b7%a5%e5%85%b7%e7%94%a8%e9%8b%b8%e6%9c%a8%e5%b0%88%e6%a5%ad%e9%8b%b8%e7%89%87","status":"publish","type":"product","link":"https:\/\/nihonkaiwk.com\/ar\/product\/%e5%85%85%e9%9b%bb%e5%b7%a5%e5%85%b7%e7%94%a8%e9%8b%b8%e6%9c%a8%e5%b0%88%e6%a5%ad%e9%8b%b8%e7%89%87\/","title":{"rendered":"\u0623\u062f\u0627\u0629 \u0627\u0644\u0634\u062d\u0646 \u0645\u0646\u0634\u0627\u0631 \u062e\u0634\u0628 \u0623\u062f\u0627\u0629 \u0627\u0644\u0634\u062d\u0646 \u0634\u0641\u0631\u0629 \u0645\u0646\u0634\u0627\u0631 \u0627\u0644\u062e\u0634\u0628 \u0627\u0644\u0627\u062d\u062a\u0631\u0627\u0641\u064a"},"content":{"rendered":"<p>\u0645\u0646\u0627\u0634\u064a\u0631 \u0623\u062f\u0627\u0629 \u0627\u0644\u0634\u062d\u0646 \u0645\u0646\u0627\u0634\u064a\u0631 \u0627\u0644\u0645\u0646\u0627\u0634\u064a\u0631 \u0627\u0644\u062e\u0634\u0628\u064a\u0629 \u0627\u0644\u0627\u062d\u062a\u0631\u0627\u0641\u064a\u0629:.<\/p>\n<p>\u0627\u0644\u0627\u0633\u062a\u062e\u062f\u0627\u0645 \u0627\u0644\u0631\u0626\u064a\u0633\u064a: \u0623\u062f\u0648\u0627\u062a \u0642\u0627\u0628\u0644\u0629 \u0644\u0625\u0639\u0627\u062f\u0629 \u0627\u0644\u0634\u062d\u0646\u060c \u062c\u0627\u0646\u0628 \u0648\u0627\u062d\u062f \u0631\u0642\u064a\u0642 \u0648\u0627\u0644\u0622\u062e\u0631 \u0631\u0642\u064a\u0642.<\/p>\n<p>\u064a\u062a\u0645\u064a\u0632 \u0631\u0623\u0633 \u0627\u0644\u0634\u0641\u0631\u0629 \u0628\u062c\u0648\u062f\u0629 \u0648\u0635\u0644\u0627\u0628\u0629 \u0641\u0627\u0626\u0642\u0629\u060c \u0645\u0645\u0627 \u064a\u062c\u0639\u0644\u0647\u0627 \u0623\u0643\u062b\u0631 \u062b\u0628\u0627\u062a\u064b\u0627 \u0639\u0646\u062f \u0627\u0644\u0642\u0637\u0639 \u0648\u0623\u0643\u062b\u0631 \u0642\u062f\u0631\u0629 \u0639\u0644\u0649 \u062e\u0641\u0636 \u0635\u0648\u062a \u0627\u0644\u0634\u0641\u0631\u0629.<\/p>\n<p>\u0645\u0639\u064a\u0627\u0631 \u0628\u064f\u0639\u062f \u0627\u0644\u0645\u0642\u064a\u0627\u0633:.<br \/>\n\u0627\u0644\u0646\u0648\u0639 \u0631\u0642\u0645: B-15000<br \/>\n- (3\u2033) 85 \u0645\u0645 \u00d7 1.0 \u00d7 1.0 \u00d7 20 \u0637\u0646 \u00d7 15 (\u0627\u0631\u062a\u0641\u0627\u0639)<\/p>\n<p>\u0627\u0644\u0646\u0648\u0639 \u0631\u0642\u0645: B-15005<br \/>\n- (5 \u0628\u0648\u0635\u0629) 125 \u0645\u0645 \u00d7 1.5 \u00d7 40 \u0637\u0646 \u00d7 22.23 (\u0627\u0631\u062a\u0641\u0627\u0639)<\/p>\n<p>\u0627\u0644\u0646\u0648\u0639 \u0631\u0642\u0645: B-15067<br \/>\n- (5-3\/8 \u0628\u0648\u0635\u0629) 136 \u0645\u0645 \u00d7 1.5 \u00d7 36 \u0637\u0646 \u00d7 20 (\u0627\u0631\u062a\u0641\u0627\u0639)<br \/>\n- \u0627\u0644\u0633\u0631\u0639\u0629 \u0627\u0644\u0642\u0635\u0648\u0649: 4500 \u062f\u0642\u064a\u0642\u0629<\/p>\n<p>\u0627\u0644\u0646\u0648\u0639 \u0631\u0642\u0645: B-15115<br \/>\n- (6\u2033) 150 \u0645\u0645 \u00d7 1.5 \u00d7 1.5 \u00d7 40 \u0637\u0646 \u00d7 20 (\u0627\u0631\u062a\u0641\u0627\u0639)<br \/>\n- \u0627\u0644\u0633\u0631\u0639\u0629 \u0627\u0644\u0642\u0635\u0648\u0649: 4100 \u062f\u0642\u064a\u0642\u0629<\/p>\n<p>\u0627\u0644\u0646\u0648\u0639 \u0631\u0642\u0645: B-15126<br \/>\n- (6-1\/2 \u0628\u0648\u0635\u0629) 165 \u0645\u0645 \u00d7 1.6 \u00d7 1.6 \u00d7 1.6 \u00d7 40T \u00d7 20 (\u0627\u0631\u062a\u0641\u0627\u0639)<br \/>\n- \u0627\u0644\u0633\u0631\u0639\u0629 \u0627\u0644\u0642\u0635\u0648\u0649: 4100 \u062f\u0642\u064a\u0642\u0629<\/p>\n<p>\u0627\u0644\u0646\u0648\u0639 \u0631\u0642\u0645: B-15740<br \/>\n- (7-1\/4 \u0628\u0648\u0635\u0629) 185 \u0645\u0645 \u00d7 1.5 \u00d7 40 \u0637\u0646 \u00d7 25.4 (\u0627\u0631\u062a\u0641\u0627\u0639)<br \/>\n\u0627\u0644\u0646\u0648\u0639 \u0631\u0642\u0645: B-15185<br \/>\n- (7-1\/4 \u0628\u0648\u0635\u0629) 185 \u0645\u0645 \u00d7 1.5 \u00d7 1.5 \u00d7 60T \u00d7 25.4 (\u0627\u0631\u062a\u0641\u0627\u0639) \/ 20 (\u0627\u0631\u062a\u0641\u0627\u0639)<\/p>\n<p>\u0627\u0644\u0646\u0648\u0639 \u0631\u0642\u0645: B-15860<br \/>\n- (8 \u0628\u0648\u0635\u0629) 210 \u0645\u0645 \u00d7 2.0 \u00d7 2.0 \u00d7 60 \u0637\u0646 \u00d7 25.4 (\u0627\u0631\u062a\u0641\u0627\u0639)<\/p>","protected":false},"excerpt":{"rendered":"<p>\u0627\u0644\u0627\u0633\u062a\u062e\u062f\u0627\u0645: \u0644\u0644\u0627\u0633\u062a\u062e\u062f\u0627\u0645 \u0641\u064a \u062a\u0642\u0637\u064a\u0639 \u0627\u0644\u062e\u0634\u0628\u060c \u0644\u0644\u0627\u0633\u062a\u062e\u062f\u0627\u0645 \u0645\u0639 \u0627\u0644\u0623\u062f\u0648\u0627\u062a \u0627\u0644\u0642\u0627\u0628\u0644\u0629 \u0644\u0625\u0639\u0627\u062f\u0629 \u0627\u0644\u0634\u062d\u0646<\/p>\n<p>\u0627\u0644\u0623\u0628\u0639\u0627\u062f :.\u00a0<br \/>\n(3\u2033) 85 \u0645\u0645 \u00d7 1.0 \u00d7 1.0 \u00d7 20 \u0637\u0646 \u00d7 15<br \/>\n(5 \u0628\u0648\u0635\u0629) 125 \u0645\u0645 \u00d7 1.5 \u00d7 40 \u0637\u0646 \u00d7 22.23<br \/>\n(5-3\/8 \u2033) 136 \u0645\u0645 \u00d7 1.5 \u00d7 36 \u0637\u0646 \u00d7 20<br \/>\n(6\u2033) 150 \u0645\u0645 \u00d7 1.5 \u00d7 1.5 \u00d7 40 \u0637\u0646 \u00d7 20<br \/>\n(6-1\/2 \u0628\u0648\u0635\u0629) 165 \u0645\u0645 \u00d7 1.6 \u00d7 40 \u0637\u0646 \u00d7 20 \u0628\u0648\u0635\u0629<br \/>\n(7-1\/4 \u0628\u0648\u0635\u0629) 185 \u0645\u0645 \u00d7 1.5 \u00d7 40 \u0637 \u00d7 25.4 \u0628\u0648\u0635\u0629<br \/>\n(7-1\/4 \u0628\u0648\u0635\u0629) 185 \u0645\u0645 \u00d7 1.5 \u00d7 60 \u0637 \u00d7 25.4 \/ 20<br \/>\n(8\u2033) 210 \u0645\u0645 \u00d7 2.0 \u00d7 2.0 \u00d7 60 \u0637\u0646 \u00d7 25.4<\/p>","protected":false},"featured_media":11895,"template":"","meta":[],"product_brand":[],"product_cat":[326,377,365],"product_tag":[],"class_list":{"0":"post-9522","1":"product","2":"type-product","3":"status-publish","4":"has-post-thumbnail","6":"product_cat-326","7":"product_cat-377","8":"product_cat-365","10":"first","11":"instock","12":"shipping-taxable","13":"product-type-simple"},"_links":{"self":[{"href":"https:\/\/nihonkaiwk.com\/ar\/wp-json\/wp\/v2\/product\/9522","targetHints":{"allow":["GET"]}}],"collection":[{"href":"https:\/\/nihonkaiwk.com\/ar\/wp-json\/wp\/v2\/product"}],"about":[{"href":"https:\/\/nihonkaiwk.com\/ar\/wp-json\/wp\/v2\/types\/product"}],"wp:featuredmedia":[{"embeddable":true,"href":"https:\/\/nihonkaiwk.com\/ar\/wp-json\/wp\/v2\/media\/11895"}],"wp:attachment":[{"href":"https:\/\/nihonkaiwk.com\/ar\/wp-json\/wp\/v2\/media?parent=9522"}],"wp:term":[{"taxonomy":"product_brand","embeddable":true,"href":"https:\/\/nihonkaiwk.com\/ar\/wp-json\/wp\/v2\/product_brand?post=9522"},{"taxonomy":"product_cat","embeddable":true,"href":"https:\/\/nihonkaiwk.com\/ar\/wp-json\/wp\/v2\/product_cat?post=9522"},{"taxonomy":"product_tag","embeddable":true,"href":"https:\/\/nihonkaiwk.com\/ar\/wp-json\/wp\/v2\/product_tag?post=9522"}],"curies":[{"name":"wp","href":"https:\/\/api.w.org\/{rel}","templated":true}]}}